{"id":1281,"date":"2025-03-03T04:08:56","date_gmt":"2025-03-02T20:08:56","guid":{"rendered":"https:\/\/hkbookprinting.com\/?post_type=product&#038;p=1281"},"modified":"2025-03-03T04:12:18","modified_gmt":"2025-03-02T20:12:18","slug":"hot-sale-red-heart-paper-bags","status":"publish","type":"product","link":"https:\/\/www.hkbookprinting.com\/de\/shop\/packaging-box-printing\/hot-sale-red-heart-paper-bags\/","title":{"rendered":"Hot Sale Red Heart Paper Bags Shaped White Cardboard Handle pink Shopping Bag Gift Packing for Small Business"},"content":{"rendered":"<div id=\"ali-anchor-AliPostDhMb-utn06\" class=\"mceSectionContainer\" style=\"padding-top: 8px;\" data-section=\"AliPostDhMb-utn06\" data-section-title=\"Product Description\">\n<div id=\"ali-title-AliPostDhMb-utn06\" style=\"padding: 8px 0; border-bottom: 1px solid #ddd;\"><span style=\"background-color: #ddd; color: #333; font-weight: bold; padding: 8px 10px; line-height: 12px;\">Produkt Beschreibung<\/span><\/div>\n<div style=\"padding: 10px 0;\">\n<p>\u00a0<img fetchpriority=\"high\" decoding=\"async\" src=\"\/\/sc04.alicdn.com\/kf\/Hd3c8a8488aad49b1850f1199a6799cc7N\/279578081\/Hd3c8a8488aad49b1850f1199a6799cc7N.jpg\" width=\"750\" height=\"1221\" \/><img decoding=\"async\" src=\"\/\/sc04.alicdn.com\/kf\/H9a01f38cec1049888f6008aa2b08873dV\/279578081\/H9a01f38cec1049888f6008aa2b08873dV.jpg\" width=\"750\" height=\"1125\" \/><img decoding=\"async\" src=\"\/\/sc04.alicdn.com\/kf\/Hd20b3f3a79e74e32b6a1223377937975i\/279578081\/Hd20b3f3a79e74e32b6a1223377937975i.jpg\" width=\"750\" height=\"847\" \/><\/p>\n<table style=\"border-collapse: collapse; background-color: #ffffff; width: 750px; border: 1px solid #cccccc;\" border=\"1\" data-mce-background-color=\"#ffffff\">\n<tbody>\n<tr>\n<td style=\"border: 1px solid #cccccc; width: 226.895px;\"><span style=\"font-family: 'arial black', 'avant garde'; font-size: 14px;\">Produktname<\/span><\/td>\n<td style=\"border: 1px solid #cccccc; width: 515.105px;\">Hot Sale Rote Herz Papiert\u00fcten<\/td>\n<\/tr>\n<tr>\n<td style=\"border: 1px solid #cccccc; width: 226.895px;\"><span style=\"font-family: 'arial black', 'avant garde'; font-size: 14px;\">Gr\u00f6\u00dfe<\/span><\/td>\n<td style=\"border: 1px solid #cccccc; width: 515.105px;\"><span style=\"font-size: 14px;\">Benutzerdefiniert<\/span><\/td>\n<\/tr>\n<tr>\n<td style=\"border: 1px solid #cccccc; width: 226.895px;\"><span style=\"font-family: 'arial black', 'avant garde'; font-size: 14px;\">Logo<\/span><\/td>\n<td style=\"border: 1px solid #cccccc; width: 515.105px;\"><span style=\"font-size: 14px;\">Benutzerdefiniert<\/span><\/td>\n<\/tr>\n<tr>\n<td style=\"border: 1px solid #cccccc; width: 226.895px;\"><span style=\"font-family: 'arial black', 'avant garde'; font-size: 14px;\">Farbe<\/span><\/td>\n<td style=\"border: 1px solid #cccccc; width: 515.105px;\"><span style=\"font-size: 14px;\">Benutzerdefiniert<\/span><\/td>\n<\/tr>\n<\/tbody>\n<\/table>\n<p><img loading=\"lazy\" decoding=\"async\" src=\"\/\/sc04.alicdn.com\/kf\/H3f91840631294e1b911e4e8f7e168a9fG\/279578081\/H3f91840631294e1b911e4e8f7e168a9fG.jpg\" width=\"750\" height=\"1685\" \/><img loading=\"lazy\" decoding=\"async\" src=\"\/\/sc04.alicdn.com\/kf\/H15e507162471497aa34d0d44482123a6c\/279578081\/H15e507162471497aa34d0d44482123a6c.jpg\" width=\"750\" height=\"1476\" \/><img loading=\"lazy\" decoding=\"async\" src=\"\/\/sc04.alicdn.com\/kf\/He55a2ebd4b0c4551b5a862662f125e90k\/279578081\/He55a2ebd4b0c4551b5a862662f125e90k.jpg\" width=\"750\" height=\"1299\" \/><img loading=\"lazy\" decoding=\"async\" src=\"\/\/sc04.alicdn.com\/kf\/Hd194cf09fbb547d09dd8b1e399be9b43S\/279578081\/Hd194cf09fbb547d09dd8b1e399be9b43S.jpg\" width=\"750\" height=\"710\" \/><img loading=\"lazy\" decoding=\"async\" src=\"\/\/sc04.alicdn.com\/kf\/H7b09d575eee44d9cb0ac1c0b250744735\/279578081\/H7b09d575eee44d9cb0ac1c0b250744735.jpg\" width=\"750\" height=\"904\" \/><\/p>\n<\/div>\n<\/div>\n<div id=\"ali-anchor-AliPostDhMb-9o14o\" class=\"mceSectionContainer\" style=\"padding-top: 8px;\" data-section=\"AliPostDhMb-9o14o\" data-section-title=\"Company Information\">\n<div id=\"ali-title-AliPostDhMb-9o14o\" style=\"padding: 8px 0; border-bottom: 1px solid #ddd;\"><span style=\"background-color: #ddd; color: #333; font-weight: bold; padding: 8px 10px; line-height: 12px;\">Informationen zum Unternehmen<\/span><\/div>\n<div style=\"padding: 10px 0;\">\n<p><img decoding=\"async\" src=\"\/\/sc04.alicdn.com\/kf\/Ha4deb7d399784f87998c2adfe5931319T\/279578081\/Ha4deb7d399784f87998c2adfe5931319T.jpg\" alt=\"_10.jpg\" \/><img decoding=\"async\" src=\"\/\/sc04.alicdn.com\/kf\/H5daca1f28a6b4f84b98ceac09600e55au\/279578081\/H5daca1f28a6b4f84b98ceac09600e55au.jpg\" alt=\"_11.jpg\" \/><img decoding=\"async\" src=\"\/\/sc04.alicdn.com\/kf\/Haebc4d7d55594729b68a76444b210643R\/279578081\/Haebc4d7d55594729b68a76444b210643R.jpg\" alt=\"_12.jpg\" \/><img decoding=\"async\" src=\"\/\/sc04.alicdn.com\/kf\/Hd7ab6b0a66cc4b748c3bf82beb5ba239e\/279578081\/Hd7ab6b0a66cc4b748c3bf82beb5ba239e.jpg\" alt=\"_13.jpg\" \/><img decoding=\"async\" src=\"\/\/sc04.alicdn.com\/kf\/H7e95af7fe7c64630a0d003a7a905ce114\/279578081\/H7e95af7fe7c64630a0d003a7a905ce114.jpg\" alt=\"_14.jpg\" \/><img decoding=\"async\" src=\"\/\/sc04.alicdn.com\/kf\/H9acfdf243bd1472988554c3b73132dd8X\/279578081\/H9acfdf243bd1472988554c3b73132dd8X.jpg\" alt=\"_15.jpg\" \/><\/p>\n<\/div>\n<\/div>\n<div id=\"ali-anchor-AliPostDhMb-bdddp\" class=\"mceSectionContainer\" style=\"padding-top: 8px;\" data-section=\"AliPostDhMb-bdddp\" data-section-title=\"FAQ\">\n<div id=\"ali-title-AliPostDhMb-bdddp\" style=\"padding: 8px 0; border-bottom: 1px solid #ddd;\"><span style=\"background-color: #ddd; color: #333; font-weight: bold; padding: 8px 10px; line-height: 12px;\">FAQ<\/span><\/div>\n<div style=\"padding: 10px 0;\">\n<p><span style=\"font-family: 'arial black', 'avant garde'; font-size: 14px;\"><strong>1. haben Sie Produkte auf Lager, die Sie verkaufen k\u00f6nnen?<\/strong><\/span><br \/>\n<span style=\"color: #09090b; font-family: Helvetica,Tahoma,Arial,serif; font-size: 14px; font-style: normal; font-weight: 400; background-color: #ffffff; display: inline !important; float: none;\">Wir bieten einen ma\u00dfgeschneiderten Druckservice. Ohne Lagerprodukte zum Verkauf.<\/span><br \/>\n<span style=\"font-family: 'arial black', 'avant garde'; font-size: 14px;\"><strong>2. wie sieht es mit der Probe und der Probenzeit aus?<\/strong><\/span><br \/>\n<span style=\"color: #09090b; font-family: Helvetica,Tahoma,Arial,serif; font-size: 14px; font-style: normal; font-weight: 400; background-color: #ffffff; display: inline !important; float: none;\">Wenn Sie Ihr eigenes Muster anfertigen lassen, m\u00fcssen wir eine geringe Geb\u00fchr f\u00fcr das Muster berechnen. <\/span><br \/>\n<span style=\"color: #09090b; font-family: Helvetica,Tahoma,Arial,serif; font-size: 14px; font-style: normal; font-weight: 400; background-color: #ffffff; display: inline !important; float: none;\">Die Musterzeit betr\u00e4gt etwa 1-7 Arbeitstage, je nach Produktanforderung. <\/span><br \/>\n<span style=\"color: #09090b; font-family: Helvetica,Tahoma,Arial,serif; font-size: 14px; font-style: normal; font-weight: 400; background-color: #ffffff; display: inline !important; float: none;\">Musterfracht ist Ihr Ladeger\u00e4t, wenn Sie unsere Druckqualit\u00e4t anhand von Druckerzeugnissen \u00fcberpr\u00fcfen m\u00f6chten.<\/span><br \/>\n<span style=\"color: #09090b; font-family: Helvetica,Tahoma,Arial,serif; font-size: 14px; font-style: normal; font-weight: 400; background-color: #ffffff; display: inline !important; float: none;\">Die Probe ist kostenlos.<\/span><br \/>\n<span style=\"font-family: 'arial black', 'avant garde'; font-size: 14px;\"><strong>3. wie sieht es mit der Bezahlung aus?<\/strong><\/span><br \/>\n<span style=\"color: #09090b; font-family: Helvetica,Tahoma,Arial,serif; font-size: 14px; font-style: normal; font-weight: 400; background-color: #ffffff; display: inline !important; float: none;\">Unsere Zahlungsbedingungen sind 40% Anzahlung und 60% Restbetrag vor Versand.<\/span><br \/>\n<span style=\"color: #09090b; font-family: Helvetica,Tahoma,Arial,serif; font-size: 14px; font-style: normal; font-weight: 400; background-color: #ffffff; display: inline !important; float: none;\">\u00dcberweisung\/Paypal\/Alibaba Assurance Order\/Casher<\/span><br \/>\n<span style=\"font-family: 'arial black', 'avant garde'; font-size: 14px;\"><strong>4. gibt es einen After-Sales-Service?<\/strong><\/span><br \/>\n<span style=\"color: #09090b; font-family: Helvetica,Tahoma,Arial,serif; font-size: 14px; font-style: normal; font-weight: 400; background-color: #ffffff; display: inline !important; float: none;\">Wenn Sie ein Qualit\u00e4tsproblem haben, sind wir daf\u00fcr verantwortlich und werden die Produkte nachdrucken oder die Kosten erstatten.<\/span><\/p>\n<\/div>\n<\/div>","protected":false},"excerpt":{"rendered":"<p>Hot Sale Rote Herz Papiert\u00fcten<\/p>\n<div style=\"width: 1280px;\" class=\"wp-video\"><video class=\"wp-video-shortcode\" id=\"video-1281-1\" width=\"1280\" height=\"720\" preload=\"metadata\" controls=\"controls\"><source type=\"video\/mp4\" src=\"https:\/\/hkbookprinting.com\/wp-content\/uploads\/2025\/02\/Packing-box.mp4?_=1\" \/><a href=\"https:\/\/hkbookprinting.com\/wp-content\/uploads\/2025\/02\/Packing-box.mp4\">https:\/\/hkbookprinting.com\/wp-content\/uploads\/2025\/02\/Packing-box.mp4<\/a><\/video><\/div>","protected":false},"featured_media":1283,"comment_status":"open","ping_status":"closed","template":"","meta":{"_kad_post_transparent":"default","_kad_post_title":"","_kad_post_layout":"default","_kad_post_sidebar_id":"","_kad_post_content_style":"default","_kad_post_vertical_padding":"default","_kad_post_feature":"","_kad_post_feature_position":"","_kad_post_header":false,"_kad_post_footer":false},"product_brand":[],"product_cat":[25],"product_tag":[],"class_list":{"0":"post-1281","1":"product","2":"type-product","3":"status-publish","4":"has-post-thumbnail","6":"product_cat-packaging-box-printing","8":"first","9":"instock","10":"shipping-taxable","11":"product-type-simple","12":"entry","13":"content-bg","14":"loop-entry"},"_links":{"self":[{"href":"https:\/\/www.hkbookprinting.com\/de\/wp-json\/wp\/v2\/product\/1281","targetHints":{"allow":["GET"]}}],"collection":[{"href":"https:\/\/www.hkbookprinting.com\/de\/wp-json\/wp\/v2\/product"}],"about":[{"href":"https:\/\/www.hkbookprinting.com\/de\/wp-json\/wp\/v2\/types\/product"}],"replies":[{"embeddable":true,"href":"https:\/\/www.hkbookprinting.com\/de\/wp-json\/wp\/v2\/comments?post=1281"}],"wp:featuredmedia":[{"embeddable":true,"href":"https:\/\/www.hkbookprinting.com\/de\/wp-json\/wp\/v2\/media\/1283"}],"wp:attachment":[{"href":"https:\/\/www.hkbookprinting.com\/de\/wp-json\/wp\/v2\/media?parent=1281"}],"wp:term":[{"taxonomy":"product_brand","embeddable":true,"href":"https:\/\/www.hkbookprinting.com\/de\/wp-json\/wp\/v2\/product_brand?post=1281"},{"taxonomy":"product_cat","embeddable":true,"href":"https:\/\/www.hkbookprinting.com\/de\/wp-json\/wp\/v2\/product_cat?post=1281"},{"taxonomy":"product_tag","embeddable":true,"href":"https:\/\/www.hkbookprinting.com\/de\/wp-json\/wp\/v2\/product_tag?post=1281"}],"curies":[{"name":"wp","href":"https:\/\/api.w.org\/{rel}","templated":true}]}}