{"id":357,"date":"2025-02-12T14:53:06","date_gmt":"2025-02-12T06:53:06","guid":{"rendered":"https:\/\/hkbookprinting.com\/?post_type=product&#038;p=357"},"modified":"2025-02-17T16:16:52","modified_gmt":"2025-02-17T08:16:52","slug":"coloring-kids-book","status":"publish","type":"product","link":"https:\/\/www.hkbookprinting.com\/de\/shop\/book-printing\/coloring-kids-book\/","title":{"rendered":"F\u00e4rbung Kinderbuch Premium Matte Lamination Kinderbuch Druckservice Wasserfeste Seiten Kindersichere Bindung"},"content":{"rendered":"<div id=\"ali-anchor-AliPostDhMb-la25n\" class=\"mceSectionContainer\" style=\"padding-top: 8px;\" data-section=\"AliPostDhMb-la25n\" data-section-title=\"Product Description\">\n<div id=\"ali-title-AliPostDhMb-la25n\" style=\"padding: 8px 0; border-bottom: 1px solid #ddd;\"><span style=\"background-color: #ddd; color: #333; font-weight: bold; padding: 8px 10px; line-height: 12px;\">Produkt Beschreibung<\/span><\/div>\n<div style=\"padding: 10px 0;\">\n<p><img decoding=\"async\" src=\"\/\/sc04.alicdn.com\/kf\/Hf30f389c19dd4e2abc4e878869d143dai\/258088139\/Hf30f389c19dd4e2abc4e878869d143dai.jpg\" alt=\"-_01.jpg\" \/><\/p>\n<table style=\"border-collapse: collapse; background-color: #ffffff; width: 790px; border: 1px solid #cccccc;\" border=\"1\">\n<tbody>\n<tr>\n<td style=\"width: 272.125px; border: 1px solid #cccccc;\"><span style=\"font-family: 'arial black', 'avant garde'; font-size: 14px;\">Produktname<\/span><\/td>\n<td style=\"width: 509.875px; border: 1px solid #cccccc;\"><span style=\"font-size: 14px;\">F\u00e4rbung Kinder Buch<\/span><\/td>\n<\/tr>\n<tr>\n<td style=\"width: 272.125px; border: 1px solid #cccccc;\"><span style=\"font-family: 'arial black', 'avant garde'; font-size: 14px;\">Gr\u00f6\u00dfe<\/span><\/td>\n<td style=\"width: 509.875px; border: 1px solid #cccccc;\"><span style=\"font-size: 14px;\">Benutzerdefiniert<\/span><\/td>\n<\/tr>\n<tr>\n<td style=\"width: 272.125px; border: 1px solid #cccccc;\"><span style=\"font-family: 'arial black', 'avant garde'; font-size: 14px;\">Logo<\/span><\/td>\n<td style=\"width: 509.875px; border: 1px solid #cccccc;\"><span style=\"font-size: 14px;\">Benutzerdefiniert<\/span><\/td>\n<\/tr>\n<tr>\n<td style=\"width: 272.125px; border: 1px solid #cccccc;\"><span style=\"font-family: 'arial black', 'avant garde'; font-size: 14px;\">Verpacken<\/span><\/td>\n<td style=\"width: 509.875px; border: 1px solid #cccccc;\"><span style=\"font-size: 14px;\">Benutzerdefiniert<\/span><\/td>\n<\/tr>\n<tr>\n<td style=\"width: 272.125px; border: 1px solid #cccccc;\"><span style=\"font-family: 'arial black', 'avant garde'; font-size: 14px;\">Bezahlung<\/span><\/td>\n<td style=\"width: 509.875px; border: 1px solid #cccccc;\"><span style=\"font-size: 14px;\">40%T\/T<\/span><\/td>\n<\/tr>\n<\/tbody>\n<\/table>\n<p><img decoding=\"async\" src=\"\/\/sc04.alicdn.com\/kf\/H9512dfc48ad04d8f9602655455e0767cE\/258088139\/H9512dfc48ad04d8f9602655455e0767cE.jpg\" alt=\"-_02.jpg\" \/><\/p>\n<p><img decoding=\"async\" src=\"\/\/sc04.alicdn.com\/kf\/H3a46bb4924d8404583ad03e79e981c121\/258088139\/H3a46bb4924d8404583ad03e79e981c121.jpg\" alt=\"-_03.jpg\" \/><\/p>\n<p><img decoding=\"async\" src=\"\/\/sc04.alicdn.com\/kf\/Hd21c5006cf69464396216f5639f929d6B\/258088139\/Hd21c5006cf69464396216f5639f929d6B.jpg\" alt=\"IMG_2148.jpg\" width=\"750\" \/><\/p>\n<p><img decoding=\"async\" src=\"\/\/sc04.alicdn.com\/kf\/H8c8c2c4591b247a4a784e0d66fb4d18ak\/258088139\/H8c8c2c4591b247a4a784e0d66fb4d18ak.jpg\" alt=\"IMG_2150.jpg\" width=\"750\" \/><\/p>\n<p><img decoding=\"async\" src=\"\/\/sc04.alicdn.com\/kf\/Hc81604e487ed402cb561a41c038ea27bg\/258088139\/Hc81604e487ed402cb561a41c038ea27bg.jpg\" alt=\"IMG_2152.jpg\" width=\"750\" \/><\/p>\n<p><img decoding=\"async\" src=\"\/\/sc04.alicdn.com\/kf\/Hd0e7677269344868a287b05fbf630a1e4\/258088139\/Hd0e7677269344868a287b05fbf630a1e4.jpg\" alt=\"IMG_2156.jpg\" width=\"750\" \/><\/p>\n<p><img decoding=\"async\" src=\"\/\/sc04.alicdn.com\/kf\/H7262bca1aa3e426b9adcf5be9b276d8ch\/258088139\/H7262bca1aa3e426b9adcf5be9b276d8ch.jpg\" alt=\"IMG_2158.jpg\" width=\"750\" \/><\/p>\n<p>&nbsp;<\/p>\n<p><img decoding=\"async\" src=\"\/\/sc04.alicdn.com\/kf\/H812d7e3b5dac46a984d07320634c7d04m\/258088139\/H812d7e3b5dac46a984d07320634c7d04m.jpg\" alt=\"-_04.jpg\" \/><\/p>\n<p><img decoding=\"async\" src=\"\/\/sc04.alicdn.com\/kf\/Hfb61e0d6c6984d4eaa755ebdb8328a2cm\/258088139\/Hfb61e0d6c6984d4eaa755ebdb8328a2cm.jpg\" alt=\"-_05.jpg\" \/><\/p>\n<p><img decoding=\"async\" src=\"\/\/sc04.alicdn.com\/kf\/H9c490dad76dc44ad98bda0526e142f73T\/258088139\/H9c490dad76dc44ad98bda0526e142f73T.jpg\" alt=\"-_06.jpg\" \/><\/p>\n<p><img decoding=\"async\" src=\"\/\/sc04.alicdn.com\/kf\/Hb035edff897f492b96d5ab3e25627f6bI\/258088139\/Hb035edff897f492b96d5ab3e25627f6bI.jpg\" alt=\"-_07.jpg\" \/><\/p>\n<p><img decoding=\"async\" src=\"\/\/sc04.alicdn.com\/kf\/H17c456a7ef734910875d886510c7b823o\/258088139\/H17c456a7ef734910875d886510c7b823o.jpg\" alt=\"-_08.jpg\" \/><\/p>\n<p><img decoding=\"async\" src=\"\/\/sc04.alicdn.com\/kf\/H48088328f8344ef9a6c871008a4cb1bbt\/258088139\/H48088328f8344ef9a6c871008a4cb1bbt.jpg\" alt=\"-_09.jpg\" \/><\/p>\n<p><img decoding=\"async\" src=\"\/\/sc04.alicdn.com\/kf\/H8fd9d734a67b40c6be9ccc47bc4152354\/258088139\/H8fd9d734a67b40c6be9ccc47bc4152354.jpg\" alt=\"-_10.jpg\" \/><\/p>\n<p><img decoding=\"async\" src=\"\/\/sc04.alicdn.com\/kf\/Hc181c567413d44dc9ef425266b2822eaq\/258088139\/Hc181c567413d44dc9ef425266b2822eaq.jpg\" alt=\"-_11.jpg\" \/><\/p>\n<p><img decoding=\"async\" src=\"\/\/sc04.alicdn.com\/kf\/Hfe8f1429b95340a0a487a2c67b8b2519V\/258088139\/Hfe8f1429b95340a0a487a2c67b8b2519V.jpg\" alt=\"-_12.jpg\" \/><\/p>\n<p><img decoding=\"async\" src=\"\/\/sc04.alicdn.com\/kf\/Hb00923393ced4443993feea9f48250daz\/258088139\/Hb00923393ced4443993feea9f48250daz.jpg\" alt=\"-_13.jpg\" \/><\/p>\n<p><img decoding=\"async\" src=\"\/\/sc04.alicdn.com\/kf\/Hfe8f1429b95340a0a487a2c67b8b2519V\/258088139\/Hfe8f1429b95340a0a487a2c67b8b2519V.jpg\" alt=\"-_12.jpg\" \/><\/p>\n<p><img decoding=\"async\" src=\"\/\/sc04.alicdn.com\/kf\/Hb00923393ced4443993feea9f48250daz\/258088139\/Hb00923393ced4443993feea9f48250daz.jpg\" alt=\"-_13.jpg\" \/><\/p>\n<\/div>\n<\/div>\n<div id=\"ali-anchor-AliPostDhMb-0z2tm\" class=\"mceSectionContainer\" style=\"padding-top: 8px;\" data-section=\"AliPostDhMb-0z2tm\" data-section-title=\"Company Information\">\n<div id=\"ali-title-AliPostDhMb-0z2tm\" style=\"padding: 8px 0; border-bottom: 1px solid #ddd;\"><span style=\"background-color: #ddd; color: #333; font-weight: bold; padding: 8px 10px; line-height: 12px;\">Informationen zum Unternehmen<\/span><\/div>\n<div style=\"padding: 10px 0;\">\n<p><img decoding=\"async\" src=\"\/\/sc04.alicdn.com\/kf\/H44562daa82e44da582c7a150f23a4c85k\/258088139\/H44562daa82e44da582c7a150f23a4c85k.jpg\" alt=\"-_14.jpg\" \/><\/p>\n<p><img decoding=\"async\" src=\"\/\/sc04.alicdn.com\/kf\/H09222a514ee64ff7b0e20b1f2812c328l\/258088139\/H09222a514ee64ff7b0e20b1f2812c328l.jpg\" alt=\"-_15.jpg\" \/><\/p>\n<p><img decoding=\"async\" src=\"\/\/sc04.alicdn.com\/kf\/Hf444af4daac74bd6bdeda5c0ce75236eV\/258088139\/Hf444af4daac74bd6bdeda5c0ce75236eV.jpg\" alt=\"-_16.jpg\" \/><\/p>\n<p><img decoding=\"async\" src=\"\/\/sc04.alicdn.com\/kf\/H209f5a56240646e9aaf3736a225191f23\/258088139\/H209f5a56240646e9aaf3736a225191f23.jpg\" alt=\"-_17.jpg\" \/><\/p>\n<\/div>\n<\/div>\n<div id=\"ali-anchor-AliPostDhMb-uf2lc\" class=\"mceSectionContainer\" style=\"padding-top: 8px;\" data-section=\"AliPostDhMb-uf2lc\" data-section-title=\"Certifications\">\n<div id=\"ali-title-AliPostDhMb-uf2lc\" style=\"padding: 8px 0; border-bottom: 1px solid #ddd;\"><span style=\"background-color: #ddd; color: #333; font-weight: bold; padding: 8px 10px; line-height: 12px;\">Zertifizierungen<\/span><\/div>\n<div style=\"padding: 10px 0;\">\n<p><img decoding=\"async\" src=\"\/\/sc04.alicdn.com\/kf\/H9c1a065d2818471f8b9c4f7c1392ff31N\/258088139\/H9c1a065d2818471f8b9c4f7c1392ff31N.jpg\" alt=\"-_18.jpg\" \/><\/p>\n<\/div>\n<\/div>\n<div id=\"ali-anchor-AliPostDhMb-xgzwy\" class=\"mceSectionContainer\" style=\"padding-top: 8px;\" data-section=\"AliPostDhMb-xgzwy\" data-section-title=\"Printing Process\">\n<div id=\"ali-title-AliPostDhMb-xgzwy\" style=\"padding: 8px 0; border-bottom: 1px solid #ddd;\"><span style=\"background-color: #ddd; color: #333; font-weight: bold; padding: 8px 10px; line-height: 12px;\">Druckprozess<\/span><\/div>\n<div style=\"padding: 10px 0;\">\n<p><img decoding=\"async\" src=\"\/\/sc04.alicdn.com\/kf\/Ha02854e6696f4d708d6e37bfa7298aabv\/258088139\/Ha02854e6696f4d708d6e37bfa7298aabv.jpg\" alt=\"-_19.jpg\" \/><\/p>\n<p><img decoding=\"async\" src=\"\/\/sc04.alicdn.com\/kf\/Hb7820331400e40258817b958bb740ad05\/258088139\/Hb7820331400e40258817b958bb740ad05.jpg\" alt=\"-_20.jpg\" \/><\/p>\n<\/div>\n<\/div>\n<div id=\"ali-anchor-AliPostDhMb-ugwc5\" class=\"mceSectionContainer\" style=\"padding-top: 8px;\" data-section=\"AliPostDhMb-ugwc5\" data-section-title=\"FAQ\">\n<div id=\"ali-title-AliPostDhMb-ugwc5\" style=\"padding: 8px 0; border-bottom: 1px solid #ddd;\"><span style=\"background-color: #ddd; color: #333; font-weight: bold; padding: 8px 10px; line-height: 12px;\">FAQ<\/span><\/div>\n<div style=\"padding: 10px 0;\">\n<p><span style=\"font-family: 'arial black', 'avant garde'; font-size: 16px;\">1. haben Sie Produkte auf Lager, die Sie verkaufen k\u00f6nnen?<\/span><\/p>\n<p><span style=\"font-size: 14px;\">Wir bieten einen ma\u00dfgeschneiderten Druckservice. Ohne Lagerprodukte zum Verkauf.<\/span><\/p>\n<p><span style=\"font-family: 'arial black', 'avant garde'; font-size: 16px;\">2. wie sieht es mit der Probe und der Probenzeit aus?<\/span><\/p>\n<p><span style=\"font-size: 14px;\">Wenn Sie Ihr eigenes Muster anfertigen lassen, m\u00fcssen wir eine geringe Geb\u00fchr f\u00fcr das Muster berechnen.\u00a0<\/span><\/p>\n<p><span style=\"font-size: 14px;\">Die Musterzeit betr\u00e4gt etwa 1-7 Arbeitstage, je nach Produktanforderung.\u00a0<\/span><\/p>\n<p><span style=\"font-size: 14px;\">Musterfracht ist Ihr Ladeger\u00e4t, wenn Sie unsere Druckqualit\u00e4t anhand von Druckerzeugnissen \u00fcberpr\u00fcfen m\u00f6chten. <\/span><\/p>\n<p><span style=\"font-size: 14px;\">Die Probe ist kostenlos.<\/span><\/p>\n<p><span style=\"font-family: 'arial black', 'avant garde'; font-size: 16px;\">3. wie sieht es mit der Bezahlung aus?<\/span><\/p>\n<p><span style=\"font-family: arial, helvetica, sans-serif; font-size: 14px;\">Unsere Zahlungsbedingungen sind 40% Anzahlung und 60% Restbetrag vor Versand.<\/span><br \/>\n<span style=\"font-family: arial, helvetica, sans-serif; font-size: 14px;\">\u00dcberweisung\/Paypal\/Alibaba Assurance Order\/Casher<\/span><\/p>\n<p><span style=\"font-family: 'arial black', 'avant garde'; font-size: 16px;\">4. gibt es einen Service nach dem Kauf?<\/span><\/p>\n<p><span style=\"font-size: 14px;\">Wenn Sie ein Qualit\u00e4tsproblem haben, sind wir daf\u00fcr verantwortlich und werden die Produkte nachdrucken oder die Kosten erstatten.<\/span><\/p>\n<\/div>\n<\/div>","protected":false},"excerpt":{"rendered":"<p>F\u00e4rbung Kinder Buch<\/p>\n<div style=\"width: 1280px;\" class=\"wp-video\"><video class=\"wp-video-shortcode\" id=\"video-357-1\" width=\"1280\" height=\"720\" preload=\"metadata\" controls=\"controls\"><source type=\"video\/mp4\" src=\"https:\/\/hkbookprinting.com\/wp-content\/uploads\/2025\/02\/children-book-printing.mp4?_=1\" \/><a href=\"https:\/\/hkbookprinting.com\/wp-content\/uploads\/2025\/02\/children-book-printing.mp4\">https:\/\/hkbookprinting.com\/wp-content\/uploads\/2025\/02\/children-book-printing.mp4<\/a><\/video><\/div>","protected":false},"featured_media":349,"comment_status":"open","ping_status":"closed","template":"","meta":{"_kad_post_transparent":"default","_kad_post_title":"","_kad_post_layout":"default","_kad_post_sidebar_id":"","_kad_post_content_style":"default","_kad_post_vertical_padding":"default","_kad_post_feature":"","_kad_post_feature_position":"","_kad_post_header":false,"_kad_post_footer":false},"product_brand":[],"product_cat":[23,21],"product_tag":[],"class_list":{"0":"post-357","1":"product","2":"type-product","3":"status-publish","4":"has-post-thumbnail","6":"product_cat-book-printing","7":"product_cat-children-book-printing","9":"first","10":"instock","11":"shipping-taxable","12":"product-type-simple","13":"entry","14":"content-bg","15":"loop-entry"},"_links":{"self":[{"href":"https:\/\/www.hkbookprinting.com\/de\/wp-json\/wp\/v2\/product\/357","targetHints":{"allow":["GET"]}}],"collection":[{"href":"https:\/\/www.hkbookprinting.com\/de\/wp-json\/wp\/v2\/product"}],"about":[{"href":"https:\/\/www.hkbookprinting.com\/de\/wp-json\/wp\/v2\/types\/product"}],"replies":[{"embeddable":true,"href":"https:\/\/www.hkbookprinting.com\/de\/wp-json\/wp\/v2\/comments?post=357"}],"wp:featuredmedia":[{"embeddable":true,"href":"https:\/\/www.hkbookprinting.com\/de\/wp-json\/wp\/v2\/media\/349"}],"wp:attachment":[{"href":"https:\/\/www.hkbookprinting.com\/de\/wp-json\/wp\/v2\/media?parent=357"}],"wp:term":[{"taxonomy":"product_brand","embeddable":true,"href":"https:\/\/www.hkbookprinting.com\/de\/wp-json\/wp\/v2\/product_brand?post=357"},{"taxonomy":"product_cat","embeddable":true,"href":"https:\/\/www.hkbookprinting.com\/de\/wp-json\/wp\/v2\/product_cat?post=357"},{"taxonomy":"product_tag","embeddable":true,"href":"https:\/\/www.hkbookprinting.com\/de\/wp-json\/wp\/v2\/product_tag?post=357"}],"curies":[{"name":"wp","href":"https:\/\/api.w.org\/{rel}","templated":true}]}}