{"id":693,"date":"2025-02-17T16:25:57","date_gmt":"2025-02-17T08:25:57","guid":{"rendered":"https:\/\/hkbookprinting.com\/?post_type=product&#038;p=693"},"modified":"2025-02-17T16:33:51","modified_gmt":"2025-02-17T08:33:51","slug":"spiral-notebook-printing-3","status":"publish","type":"product","link":"https:\/\/www.hkbookprinting.com\/de\/shop\/notebook-printing\/spiral-notebook-printing-3\/","title":{"rendered":"Individuelles Spiral-Notizbuch rosa A4 \/ A5 Hardcover-Spiral-Notizbuch mit doppeltem Draht-O-Ring"},"content":{"rendered":"<div id=\"ali-anchor-AliPostDhMb-0eore\" class=\"mceSectionContainer\" style=\"padding-top: 8px;\" data-section=\"AliPostDhMb-0eore\" data-section-title=\"Product Description\">\n<div id=\"ali-title-AliPostDhMb-0eore\" style=\"padding: 8px 0; border-bottom: 1px solid #ddd;\"><span style=\"background-color: #ddd; color: #333; font-weight: bold; padding: 8px 10px; line-height: 12px;\">Produkt Beschreibung<\/span><\/div>\n<div style=\"padding: 10px 0;\">\n<p><img decoding=\"async\" src=\"\/\/sc04.alicdn.com\/kf\/H0153635e688b4db984fae0779ddccf2dh\/220625001\/H0153635e688b4db984fae0779ddccf2dh.jpg\" alt=\"-_01.jpg\" \/><\/p>\n<table style=\"border-collapse: collapse; background-color: #ffffff; width: 750px; border: 1px solid #cccccc;\" border=\"1\">\n<tbody>\n<tr>\n<td style=\"border: 1px solid #cccccc; width: 179px;\"><span style=\"font-family: 'arial black', 'avant garde'; font-size: 14px;\">Produktname<\/span><\/td>\n<td style=\"border: 1px solid #cccccc; width: 603px;\"><span style=\"font-size: 14px;\">Individueller Druck von Spiral-Notizb\u00fcchern<\/span><\/td>\n<\/tr>\n<tr>\n<td style=\"border: 1px solid #cccccc; width: 179px;\"><span style=\"font-family: 'arial black', 'avant garde'; font-size: 14px;\">Farbe<\/span><\/td>\n<td style=\"border: 1px solid #cccccc; width: 603px;\"><span style=\"font-size: 14px;\">Benutzerdefiniert<\/span><\/td>\n<\/tr>\n<tr>\n<td style=\"border: 1px solid #cccccc; width: 179px;\"><span style=\"font-family: 'arial black', 'avant garde'; font-size: 14px;\">LOGO<\/span><\/td>\n<td style=\"border: 1px solid #cccccc; width: 603px;\"><span style=\"font-size: 14px;\">Ma\u00dfgeschneidert<\/span><\/td>\n<\/tr>\n<\/tbody>\n<\/table>\n<p><img decoding=\"async\" src=\"\/\/sc04.alicdn.com\/kf\/H493d9c4ace5b4a54a696445d090e0ee5H\/220625001\/H493d9c4ace5b4a54a696445d090e0ee5H.jpg\" alt=\"-_02.jpg\" \/><img decoding=\"async\" src=\"\/\/sc04.alicdn.com\/kf\/H95ed008e53994c6ba76d6f14c9f174f3L\/220625001\/H95ed008e53994c6ba76d6f14c9f174f3L.jpg\" alt=\"-_03.jpg\" \/><img decoding=\"async\" src=\"\/\/sc04.alicdn.com\/kf\/H3659bb42aced49f48a94342e31089e6dp\/220625001\/H3659bb42aced49f48a94342e31089e6dp.jpg\" alt=\"-_04.jpg\" \/><img decoding=\"async\" src=\"\/\/sc04.alicdn.com\/kf\/H3dd05412ef7a4c339cbff4d6e8cea1c5j\/220625001\/H3dd05412ef7a4c339cbff4d6e8cea1c5j.jpg\" alt=\"-_05.jpg\" \/><img decoding=\"async\" src=\"\/\/sc04.alicdn.com\/kf\/H0a162d678d9a47d1bb252cca2cfaaae11\/220625001\/H0a162d678d9a47d1bb252cca2cfaaae11.jpg\" alt=\"-_06.jpg\" \/><img decoding=\"async\" src=\"\/\/sc04.alicdn.com\/kf\/Hdd617c22070f4abd86830be875a1c850b\/220625001\/Hdd617c22070f4abd86830be875a1c850b.jpg\" alt=\"-_07.jpg\" \/><img decoding=\"async\" src=\"\/\/sc04.alicdn.com\/kf\/H7296e7d85d3c4e3d8406749b802d6ecbt\/220625001\/H7296e7d85d3c4e3d8406749b802d6ecbt.jpg\" alt=\"-_08.jpg\" \/><img decoding=\"async\" src=\"\/\/sc04.alicdn.com\/kf\/Hcdbaefc6b36341e2b591a7d2f10ad0d8S\/220625001\/Hcdbaefc6b36341e2b591a7d2f10ad0d8S.jpg\" alt=\"-_09.jpg\" \/><img decoding=\"async\" src=\"\/\/sc04.alicdn.com\/kf\/He2076b1629b948a8b3738c952c60296cb\/220625001\/He2076b1629b948a8b3738c952c60296cb.jpg\" alt=\"-_10.jpg\" \/><img decoding=\"async\" src=\"\/\/sc04.alicdn.com\/kf\/Hd8870121a1dd4de9a857c471fedda1e1C\/220625001\/Hd8870121a1dd4de9a857c471fedda1e1C.jpg\" alt=\"-_11.jpg\" \/><img decoding=\"async\" src=\"\/\/sc04.alicdn.com\/kf\/H5d8be270c8404709aa6d4a0e553b692dl\/220625001\/H5d8be270c8404709aa6d4a0e553b692dl.jpg\" alt=\"-_12.jpg\" \/><img decoding=\"async\" src=\"\/\/sc04.alicdn.com\/kf\/H24fa410c297740fcb2155261a5fd5fc5j\/220625001\/H24fa410c297740fcb2155261a5fd5fc5j.jpg\" alt=\"-_13.jpg\" \/><\/p>\n<\/div>\n<\/div>\n<div id=\"ali-anchor-AliPostDhMb-vedj1\" class=\"mceSectionContainer\" style=\"padding-top: 8px;\" data-section=\"AliPostDhMb-vedj1\" data-section-title=\"Company Information\">\n<div id=\"ali-title-AliPostDhMb-vedj1\" style=\"padding: 8px 0; border-bottom: 1px solid #ddd;\"><span style=\"background-color: #ddd; color: #333; font-weight: bold; padding: 8px 10px; line-height: 12px;\">Informationen zum Unternehmen<\/span><\/div>\n<div style=\"padding: 10px 0;\">\n<p><img decoding=\"async\" src=\"\/\/sc04.alicdn.com\/kf\/Hebb95ccf95154692a646c29d32bd7d718\/220625001\/Hebb95ccf95154692a646c29d32bd7d718.jpg\" alt=\"-_14.jpg\" \/><img decoding=\"async\" src=\"\/\/sc04.alicdn.com\/kf\/H750da0455a6d4dcb80a4aabb330ca16dQ\/220625001\/H750da0455a6d4dcb80a4aabb330ca16dQ.jpg\" alt=\"-_15.jpg\" \/><img decoding=\"async\" src=\"\/\/sc04.alicdn.com\/kf\/H84d1534f091f4a90a8abc0779c49aa48x\/220625001\/H84d1534f091f4a90a8abc0779c49aa48x.jpg\" alt=\"-_16.jpg\" \/><\/p>\n<\/div>\n<\/div>\n<div id=\"ali-anchor-AliPostDhMb-nsf1v\" class=\"mceSectionContainer\" style=\"padding-top: 8px;\" data-section=\"AliPostDhMb-nsf1v\" data-section-title=\"Certificated\">\n<div id=\"ali-title-AliPostDhMb-nsf1v\" style=\"padding: 8px 0; border-bottom: 1px solid #ddd;\"><span style=\"background-color: #ddd; color: #333; font-weight: bold; padding: 8px 10px; line-height: 12px;\">Zertifiziert<\/span><\/div>\n<div style=\"padding: 10px 0;\">\n<p><img decoding=\"async\" src=\"\/\/sc04.alicdn.com\/kf\/H33049dc65cbd4514a737e12f33f4f9d3u\/220625001\/H33049dc65cbd4514a737e12f33f4f9d3u.jpg\" alt=\"-_17.jpg\" \/><\/p>\n<\/div>\n<\/div>\n<div id=\"ali-anchor-AliPostDhMb-e4e14\" class=\"mceSectionContainer\" style=\"padding-top: 8px;\" data-section=\"AliPostDhMb-e4e14\" data-section-title=\"FAQ\">\n<div id=\"ali-title-AliPostDhMb-e4e14\" style=\"padding: 8px 0; border-bottom: 1px solid #ddd;\"><span style=\"background-color: #ddd; color: #333; font-weight: bold; padding: 8px 10px; line-height: 12px;\">FAQ<\/span><\/div>\n<div style=\"padding: 10px 0;\">\n<p><strong><span style=\"font-size: 18px;\">1.  Welche Informationen ben\u00f6tigen Sie, wenn ich drucken m\u00f6chte?<\/span><\/strong><\/p>\n<p><span style=\"font-size: 16px;\">\u00a0 \u00a0 a.  Gr\u00f6\u00dfe<\/span><\/p>\n<p><span style=\"font-size: 16px;\">\u00a0 \u00a0 b.  Umfang ( Umschlag \/ Text \/ Vorsatzblatt \/ Einlage \/ Umschlag ...)<\/span><\/p>\n<p><span style=\"font-size: 16px; background-color: #ffffff;\">\u00a0 \u00a0 c.  Material (kunstdruckbeschichtetes Papier \/ Offsetpapier \/ Karton \/ Graupappe...)<\/span><\/p>\n<p><span style=\"font-size: 16px; background-color: #ffffff;\">\u00a0 \u00a0 d.  Farbe (CMYK &amp; Pantone-Farbe)<\/span><\/p>\n<p><span style=\"font-size: 16px; background-color: #ffffff;\">\u00a0 \u00a0 e.  Veredelung (Glanz-\/Mattlaminierung \/ UV-Lack \/ Spot UV \/ Hei\u00dfpr\u00e4gung \/ Glitter...)<\/span><\/p>\n<p><span style=\"font-size: 16px; background-color: #ffffff;\">\u00a0 \u00a0 f.  Bindung (Hardcover \/ weicher Einband \/ Spiral-\/Drahtbindung \/ R\u00fcckstichheftung...)<\/span><\/p>\n<p><span style=\"font-size: 16px; background-color: #ffffff;\">\u00a0 \u00a0 g.  Menge\u00a0<\/span><\/p>\n<p><span style=\"font-size: 16px; background-color: #ffffff;\">\u00a0 \u00a0 h.  Preisbedingungen (EXW, FOB, CIF....)<\/span><\/p>\n<p>&nbsp;<\/p>\n<p><strong><span style=\"font-size: 18px;\">2. Wie lange kann ich den Preis erhalten, nachdem ich die Anfrage abgeschickt habe?<\/span><\/strong><\/p>\n<p><span style=\"font-size: 16px; background-color: #ffffff;\">\u00a0 \u00a0 Innerhalb von 24 Stunden<\/span><\/p>\n<p>&nbsp;<\/p>\n<p><strong><span style=\"font-size: 18px;\">3. Kann ich eine Probe erhalten?<\/span><\/strong><\/p>\n<p><span style=\"font-size: 16px; background-color: #ffffff;\">\u00a0 \u00a0 Nat\u00fcrlich senden wir Ihnen gerne Muster zu, damit Sie sich von unserer Qualit\u00e4t \u00fcberzeugen k\u00f6nnen.<\/span><\/p>\n<p>&nbsp;<\/p>\n<p><strong><span style=\"font-size: 18px;\">4. Wie lange ist die Vorlaufzeit? Was muss ich tun, wenn die Bestellung dringend ist?<\/span><\/strong><\/p>\n<p><span style=\"font-size: 16px; background-color: #ffffff;\">\u00a0 \u00a0Normalerweise betr\u00e4gt die Vorlaufzeit 7-15 Tage. Wenn Ihre Bestellung jedoch sehr dringend ist, informieren Sie uns bitte vorher, und wir werden Ihre Bestellung vorrangig bearbeiten.<\/span><\/p>\n<\/div>\n<\/div>","protected":false},"excerpt":{"rendered":"<p>Individueller Druck von Spiral-Notizb\u00fcchern<\/p>\n<div style=\"width: 1280px;\" class=\"wp-video\"><video class=\"wp-video-shortcode\" id=\"video-693-1\" width=\"1280\" height=\"720\" preload=\"metadata\" controls=\"controls\"><source type=\"video\/mp4\" src=\"https:\/\/hkbookprinting.com\/wp-content\/uploads\/2025\/02\/Pu-Leather-Notebook.mp4?_=1\" \/><a href=\"https:\/\/hkbookprinting.com\/wp-content\/uploads\/2025\/02\/Pu-Leather-Notebook.mp4\">https:\/\/hkbookprinting.com\/wp-content\/uploads\/2025\/02\/Pu-Leather-Notebook.mp4<\/a><\/video><\/div>","protected":false},"featured_media":594,"comment_status":"open","ping_status":"closed","template":"","meta":{"_kad_post_transparent":"default","_kad_post_title":"","_kad_post_layout":"default","_kad_post_sidebar_id":"","_kad_post_content_style":"default","_kad_post_vertical_padding":"default","_kad_post_feature":"","_kad_post_feature_position":"","_kad_post_header":false,"_kad_post_footer":false},"product_brand":[],"product_cat":[24],"product_tag":[],"class_list":{"0":"post-693","1":"product","2":"type-product","3":"status-publish","4":"has-post-thumbnail","6":"product_cat-notebook-printing","8":"first","9":"instock","10":"shipping-taxable","11":"product-type-simple","12":"entry","13":"content-bg","14":"loop-entry"},"_links":{"self":[{"href":"https:\/\/www.hkbookprinting.com\/de\/wp-json\/wp\/v2\/product\/693","targetHints":{"allow":["GET"]}}],"collection":[{"href":"https:\/\/www.hkbookprinting.com\/de\/wp-json\/wp\/v2\/product"}],"about":[{"href":"https:\/\/www.hkbookprinting.com\/de\/wp-json\/wp\/v2\/types\/product"}],"replies":[{"embeddable":true,"href":"https:\/\/www.hkbookprinting.com\/de\/wp-json\/wp\/v2\/comments?post=693"}],"wp:featuredmedia":[{"embeddable":true,"href":"https:\/\/www.hkbookprinting.com\/de\/wp-json\/wp\/v2\/media\/594"}],"wp:attachment":[{"href":"https:\/\/www.hkbookprinting.com\/de\/wp-json\/wp\/v2\/media?parent=693"}],"wp:term":[{"taxonomy":"product_brand","embeddable":true,"href":"https:\/\/www.hkbookprinting.com\/de\/wp-json\/wp\/v2\/product_brand?post=693"},{"taxonomy":"product_cat","embeddable":true,"href":"https:\/\/www.hkbookprinting.com\/de\/wp-json\/wp\/v2\/product_cat?post=693"},{"taxonomy":"product_tag","embeddable":true,"href":"https:\/\/www.hkbookprinting.com\/de\/wp-json\/wp\/v2\/product_tag?post=693"}],"curies":[{"name":"wp","href":"https:\/\/api.w.org\/{rel}","templated":true}]}}