{"id":1043,"date":"2025-02-24T16:09:28","date_gmt":"2025-02-24T08:09:28","guid":{"rendered":"https:\/\/hkbookprinting.com\/?post_type=product&#038;p=1043"},"modified":"2025-02-24T16:13:35","modified_gmt":"2025-02-24T08:13:35","slug":"personalized-kids-book-printing","status":"publish","type":"product","link":"https:\/\/www.hkbookprinting.com\/es\/shop\/book-printing\/personalized-kids-book-printing\/","title":{"rendered":"Servicio de impresi\u00f3n de libros infantiles personalizados de alta demanda Dise\u00f1o personalizado de cubiertas Impresi\u00f3n de libros infantiles de tapa dura"},"content":{"rendered":"<div id=\"ali-anchor-AliPostDhMb-la25n\" class=\"mceSectionContainer\" style=\"padding-top: 8px;\" data-section=\"AliPostDhMb-la25n\" data-section-title=\"Product Description\">\n<div id=\"ali-title-AliPostDhMb-la25n\" style=\"padding: 8px 0; border-bottom: 1px solid #ddd;\"><span style=\"background-color: #ddd; color: #333; font-weight: bold; padding: 8px 10px; line-height: 12px;\">Descripci\u00f3n del producto<\/span><\/div>\n<div style=\"padding: 10px 0;\">\n<p><img decoding=\"async\" src=\"\/\/sc04.alicdn.com\/kf\/Hf30f389c19dd4e2abc4e878869d143dai\/258088139\/Hf30f389c19dd4e2abc4e878869d143dai.jpg\" alt=\"-_01.jpg\" \/><\/p>\n<table style=\"border-collapse: collapse; background-color: #ffffff; width: 790px; border: 1px solid #cccccc;\" border=\"1\">\n<tbody>\n<tr>\n<td style=\"width: 272.125px; border: 1px solid #cccccc;\"><span style=\"font-family: 'arial black', 'avant garde'; font-size: 14px;\">Nombre del producto<\/span><\/td>\n<td style=\"width: 509.875px; border: 1px solid #cccccc;\"><span style=\"font-size: 14px;\"><span data-slate-fragment=\"JTVCJTdCJTIydHlwZSUyMiUzQSUyMnBhcmFncmFwaCUyMiUyQyUyMmNoaWxkcmVuJTIyJTNBJTVCJTdCJTIyaWQlMjIlM0ElMjJOT0FWV29CWjU3JTIyJTJDJTIycGFyYUlkeCUyMiUzQTAlMkMlMjJzcmMlMjIlM0ElMjIyMDI1JTIwSG90JTIwU2FsZSUyMENhcmRib2FyZCUyMENoaWxkcmVuJTIwQm9vayUyMFByaW50aW5nJTIwRWNvJTIwRnJpZW5kbHklMjBDdXN0b21pemVkJTIwQnVsayUyME9yZGVyJTIwTWluaW11bSUyMFF1YW50aXR5JTIwNTAwJTIwUENTJTIyJTJDJTIyZHN0JTIyJTNBJTIyMjAyNSVFNSVCOSVCNCVFNyU4MyVBRCVFOSU5NCU4MCVFNyVCQSVCOCVFNiU5RCVCRiVFNSU4NCVCRiVFNyVBQiVBNSVFNCVCOSVBNiVFNyVCMSU4RCVFNSU4RCVCMCVFNSU4OCVCNyVFNyU4RSVBRiVFNCVCRiU5RCVFNSVBRSU5QSVFNSU4OCVCNiVFNiU4OSVCOSVFOSU4NyU4RiVFOCVBRSVBMiVFNSU4RCU5NSVFNiU5QyU4MCVFNSVCMCU4RiVFNiU5NSVCMCVFOSU4NyU4RjUwMCVFNCVCQiVCNiUyMiUyQyUyMm1ldGFkYXRhJTIyJTNBJTIyJTIyJTJDJTIybWF0Y2hlcyUyMiUzQW51bGwlMkMlMjJtZXRhRGF0YSUyMiUzQSU1QiU1RCUyQyUyMnRleHQlMjIlM0ElMjIyMDI1JTIwSG90JTIwU2FsZSUyMENhcmRib2FyZCUyMENoaWxkcmVuJTIwQm9vayUyMFByaW50aW5nJTIyJTdEJTVEJTdEJTVE\">Impresi\u00f3n de libros infantiles personalizados<\/span><\/span><\/td>\n<\/tr>\n<tr>\n<td style=\"width: 272.125px; border: 1px solid #cccccc;\"><span style=\"font-family: 'arial black', 'avant garde'; font-size: 14px;\">Talla<\/span><\/td>\n<td style=\"width: 509.875px; border: 1px solid #cccccc;\"><span style=\"font-size: 14px;\">A medida<\/span><\/td>\n<\/tr>\n<tr>\n<td style=\"width: 272.125px; border: 1px solid #cccccc;\"><span style=\"font-family: 'arial black', 'avant garde'; font-size: 14px;\">Logotipo<\/span><\/td>\n<td style=\"width: 509.875px; border: 1px solid #cccccc;\"><span style=\"font-size: 14px;\">A medida<\/span><\/td>\n<\/tr>\n<tr>\n<td style=\"width: 272.125px; border: 1px solid #cccccc;\"><span style=\"font-family: 'arial black', 'avant garde'; font-size: 14px;\">Embalaje<\/span><\/td>\n<td style=\"width: 509.875px; border: 1px solid #cccccc;\"><span style=\"font-size: 14px;\">A medida<\/span><\/td>\n<\/tr>\n<tr>\n<td style=\"width: 272.125px; border: 1px solid #cccccc;\"><span style=\"font-family: 'arial black', 'avant garde'; font-size: 14px;\">Pago<\/span><\/td>\n<td style=\"width: 509.875px; border: 1px solid #cccccc;\"><span style=\"font-size: 14px;\">40%T\/T<\/span><\/td>\n<\/tr>\n<\/tbody>\n<\/table>\n<p><img decoding=\"async\" src=\"\/\/sc04.alicdn.com\/kf\/H9512dfc48ad04d8f9602655455e0767cE\/258088139\/H9512dfc48ad04d8f9602655455e0767cE.jpg\" alt=\"-_02.jpg\" \/><img decoding=\"async\" src=\"\/\/sc04.alicdn.com\/kf\/H3a46bb4924d8404583ad03e79e981c121\/258088139\/H3a46bb4924d8404583ad03e79e981c121.jpg\" alt=\"-_03.jpg\" \/><\/p>\n<p><img decoding=\"async\" src=\"\/\/sc04.alicdn.com\/kf\/H812d7e3b5dac46a984d07320634c7d04m\/258088139\/H812d7e3b5dac46a984d07320634c7d04m.jpg\" alt=\"-_04.jpg\" \/><img decoding=\"async\" src=\"\/\/sc04.alicdn.com\/kf\/Hfb61e0d6c6984d4eaa755ebdb8328a2cm\/258088139\/Hfb61e0d6c6984d4eaa755ebdb8328a2cm.jpg\" alt=\"-_05.jpg\" \/><img decoding=\"async\" src=\"\/\/sc04.alicdn.com\/kf\/H9c490dad76dc44ad98bda0526e142f73T\/258088139\/H9c490dad76dc44ad98bda0526e142f73T.jpg\" alt=\"-_06.jpg\" \/><img decoding=\"async\" src=\"\/\/sc04.alicdn.com\/kf\/Hb035edff897f492b96d5ab3e25627f6bI\/258088139\/Hb035edff897f492b96d5ab3e25627f6bI.jpg\" alt=\"-_07.jpg\" \/><img decoding=\"async\" src=\"\/\/sc04.alicdn.com\/kf\/H17c456a7ef734910875d886510c7b823o\/258088139\/H17c456a7ef734910875d886510c7b823o.jpg\" alt=\"-_08.jpg\" \/><img decoding=\"async\" src=\"\/\/sc04.alicdn.com\/kf\/H48088328f8344ef9a6c871008a4cb1bbt\/258088139\/H48088328f8344ef9a6c871008a4cb1bbt.jpg\" alt=\"-_09.jpg\" \/><img decoding=\"async\" src=\"\/\/sc04.alicdn.com\/kf\/H8fd9d734a67b40c6be9ccc47bc4152354\/258088139\/H8fd9d734a67b40c6be9ccc47bc4152354.jpg\" alt=\"-_10.jpg\" \/><img decoding=\"async\" src=\"\/\/sc04.alicdn.com\/kf\/Hc181c567413d44dc9ef425266b2822eaq\/258088139\/Hc181c567413d44dc9ef425266b2822eaq.jpg\" alt=\"-_11.jpg\" \/><img decoding=\"async\" src=\"\/\/sc04.alicdn.com\/kf\/Hfe8f1429b95340a0a487a2c67b8b2519V\/258088139\/Hfe8f1429b95340a0a487a2c67b8b2519V.jpg\" alt=\"-_12.jpg\" \/><img decoding=\"async\" src=\"\/\/sc04.alicdn.com\/kf\/Hb00923393ced4443993feea9f48250daz\/258088139\/Hb00923393ced4443993feea9f48250daz.jpg\" alt=\"-_13.jpg\" \/><img decoding=\"async\" src=\"\/\/sc04.alicdn.com\/kf\/Hfe8f1429b95340a0a487a2c67b8b2519V\/258088139\/Hfe8f1429b95340a0a487a2c67b8b2519V.jpg\" alt=\"-_12.jpg\" \/><img decoding=\"async\" src=\"\/\/sc04.alicdn.com\/kf\/Hb00923393ced4443993feea9f48250daz\/258088139\/Hb00923393ced4443993feea9f48250daz.jpg\" alt=\"-_13.jpg\" \/><\/p>\n<\/div>\n<\/div>\n<div id=\"ali-anchor-AliPostDhMb-0z2tm\" class=\"mceSectionContainer\" style=\"padding-top: 8px;\" data-section=\"AliPostDhMb-0z2tm\" data-section-title=\"Company Information\">\n<div id=\"ali-title-AliPostDhMb-0z2tm\" style=\"padding: 8px 0; border-bottom: 1px solid #ddd;\"><span style=\"background-color: #ddd; color: #333; font-weight: bold; padding: 8px 10px; line-height: 12px;\">Informaci\u00f3n sobre la empresa<\/span><\/div>\n<div style=\"padding: 10px 0;\">\n<p><img decoding=\"async\" src=\"\/\/sc04.alicdn.com\/kf\/H44562daa82e44da582c7a150f23a4c85k\/258088139\/H44562daa82e44da582c7a150f23a4c85k.jpg\" alt=\"-_14.jpg\" \/><img decoding=\"async\" src=\"\/\/sc04.alicdn.com\/kf\/H09222a514ee64ff7b0e20b1f2812c328l\/258088139\/H09222a514ee64ff7b0e20b1f2812c328l.jpg\" alt=\"-_15.jpg\" \/><img decoding=\"async\" src=\"\/\/sc04.alicdn.com\/kf\/Hf444af4daac74bd6bdeda5c0ce75236eV\/258088139\/Hf444af4daac74bd6bdeda5c0ce75236eV.jpg\" alt=\"-_16.jpg\" \/><img decoding=\"async\" src=\"\/\/sc04.alicdn.com\/kf\/H209f5a56240646e9aaf3736a225191f23\/258088139\/H209f5a56240646e9aaf3736a225191f23.jpg\" alt=\"-_17.jpg\" \/><\/p>\n<\/div>\n<\/div>\n<div id=\"ali-anchor-AliPostDhMb-uf2lc\" class=\"mceSectionContainer\" style=\"padding-top: 8px;\" data-section=\"AliPostDhMb-uf2lc\" data-section-title=\"Certifications\">\n<div id=\"ali-title-AliPostDhMb-uf2lc\" style=\"padding: 8px 0; border-bottom: 1px solid #ddd;\"><span style=\"background-color: #ddd; color: #333; font-weight: bold; padding: 8px 10px; line-height: 12px;\">Certificaciones<\/span><\/div>\n<div style=\"padding: 10px 0;\">\n<p><img decoding=\"async\" src=\"\/\/sc04.alicdn.com\/kf\/H9c1a065d2818471f8b9c4f7c1392ff31N\/258088139\/H9c1a065d2818471f8b9c4f7c1392ff31N.jpg\" alt=\"-_18.jpg\" \/><\/p>\n<\/div>\n<\/div>\n<div id=\"ali-anchor-AliPostDhMb-xgzwy\" class=\"mceSectionContainer\" style=\"padding-top: 8px;\" data-section=\"AliPostDhMb-xgzwy\" data-section-title=\"Printing Process\">\n<div id=\"ali-title-AliPostDhMb-xgzwy\" style=\"padding: 8px 0; border-bottom: 1px solid #ddd;\"><span style=\"background-color: #ddd; color: #333; font-weight: bold; padding: 8px 10px; line-height: 12px;\">Proceso de impresi\u00f3n<\/span><\/div>\n<div style=\"padding: 10px 0;\">\n<p><img decoding=\"async\" src=\"\/\/sc04.alicdn.com\/kf\/Ha02854e6696f4d708d6e37bfa7298aabv\/258088139\/Ha02854e6696f4d708d6e37bfa7298aabv.jpg\" alt=\"-_19.jpg\" \/><img decoding=\"async\" src=\"\/\/sc04.alicdn.com\/kf\/Hb7820331400e40258817b958bb740ad05\/258088139\/Hb7820331400e40258817b958bb740ad05.jpg\" alt=\"-_20.jpg\" \/><\/p>\n<\/div>\n<\/div>\n<div id=\"ali-anchor-AliPostDhMb-ugwc5\" class=\"mceSectionContainer\" style=\"padding-top: 8px;\" data-section=\"AliPostDhMb-ugwc5\" data-section-title=\"FAQ\">\n<div id=\"ali-title-AliPostDhMb-ugwc5\" style=\"padding: 8px 0; border-bottom: 1px solid #ddd;\"><span style=\"background-color: #ddd; color: #333; font-weight: bold; padding: 8px 10px; line-height: 12px;\">PREGUNTAS FRECUENTES<\/span><\/div>\n<div style=\"padding: 10px 0;\">\n<p><span style=\"font-family: 'arial black', 'avant garde'; font-size: 16px;\">1.\u00bfDisponen de productos en stock para la venta?<\/span><\/p>\n<p><span style=\"font-size: 14px;\">Ofrecemos servicio de impresi\u00f3n personalizada. Sin productos de stock a la venta.<\/span><\/p>\n<p><span style=\"font-family: 'arial black', 'avant garde'; font-size: 16px;\">2.\u00bfQu\u00e9 pasa con la muestra y el tiempo de muestreo?<\/span><\/p>\n<p><span style=\"font-size: 14px;\">Si desea personalizar su propia muestra, le cobraremos una peque\u00f1a cantidad.\u00a0<\/span><\/p>\n<p><span style=\"font-size: 14px;\">El tiempo de muestreo es de 1 a 7 d\u00edas laborables, dependiendo de los productos solicitados.\u00a0<\/span><\/p>\n<p><span style=\"font-size: 14px;\">La muestra de carga ser\u00e1 su cargador, si s\u00f3lo necesita comprobar nuestra calidad de impresi\u00f3n en base a los productos impresos. <\/span><\/p>\n<p><span style=\"font-size: 14px;\">La muestra es gratuita.<\/span><\/p>\n<p><span style=\"font-family: 'arial black', 'avant garde'; font-size: 16px;\">3.\u00bfY el pago?<\/span><\/p>\n<p><span style=\"font-family: arial, helvetica, sans-serif; font-size: 14px;\">Nuestro plazo de pago es 40% dep\u00f3sito y 60% saldo antes del env\u00edo.<\/span><br \/>\n<span style=\"font-family: arial, helvetica, sans-serif; font-size: 14px;\">Transferencia bancaria\/Paypal\/Alibaba Assurance Order\/Casher<\/span><\/p>\n<p><span style=\"font-family: 'arial black', 'avant garde'; font-size: 16px;\">4. \u00bfHay servicio posventa?<\/span><\/p>\n<p><span style=\"font-size: 14px;\">Cualquier problema de calidad, si es nuestra responsabilidad, reimprimiremos los productos o reembolsaremos el coste.<\/span><\/p>\n<\/div>\n<\/div>","protected":false},"excerpt":{"rendered":"<p>Impresi\u00f3n de libros infantiles personalizados<\/p>\n<div style=\"width: 1280px;\" class=\"wp-video\"><video class=\"wp-video-shortcode\" id=\"video-1043-1\" width=\"1280\" height=\"720\" preload=\"metadata\" controls=\"controls\"><source type=\"video\/mp4\" src=\"https:\/\/hkbookprinting.com\/wp-content\/uploads\/2025\/02\/children-book-printing.mp4?_=1\" \/><a href=\"https:\/\/hkbookprinting.com\/wp-content\/uploads\/2025\/02\/children-book-printing.mp4\">https:\/\/hkbookprinting.com\/wp-content\/uploads\/2025\/02\/children-book-printing.mp4<\/a><\/video><\/div>","protected":false},"featured_media":486,"comment_status":"open","ping_status":"closed","template":"","meta":{"_kad_post_transparent":"default","_kad_post_title":"","_kad_post_layout":"default","_kad_post_sidebar_id":"","_kad_post_content_style":"default","_kad_post_vertical_padding":"default","_kad_post_feature":"","_kad_post_feature_position":"","_kad_post_header":false,"_kad_post_footer":false},"product_brand":[],"product_cat":[23,21],"product_tag":[],"class_list":{"0":"post-1043","1":"product","2":"type-product","3":"status-publish","4":"has-post-thumbnail","6":"product_cat-book-printing","7":"product_cat-children-book-printing","9":"first","10":"instock","11":"shipping-taxable","12":"product-type-simple","13":"entry","14":"content-bg","15":"loop-entry"},"_links":{"self":[{"href":"https:\/\/www.hkbookprinting.com\/es\/wp-json\/wp\/v2\/product\/1043","targetHints":{"allow":["GET"]}}],"collection":[{"href":"https:\/\/www.hkbookprinting.com\/es\/wp-json\/wp\/v2\/product"}],"about":[{"href":"https:\/\/www.hkbookprinting.com\/es\/wp-json\/wp\/v2\/types\/product"}],"replies":[{"embeddable":true,"href":"https:\/\/www.hkbookprinting.com\/es\/wp-json\/wp\/v2\/comments?post=1043"}],"wp:featuredmedia":[{"embeddable":true,"href":"https:\/\/www.hkbookprinting.com\/es\/wp-json\/wp\/v2\/media\/486"}],"wp:attachment":[{"href":"https:\/\/www.hkbookprinting.com\/es\/wp-json\/wp\/v2\/media?parent=1043"}],"wp:term":[{"taxonomy":"product_brand","embeddable":true,"href":"https:\/\/www.hkbookprinting.com\/es\/wp-json\/wp\/v2\/product_brand?post=1043"},{"taxonomy":"product_cat","embeddable":true,"href":"https:\/\/www.hkbookprinting.com\/es\/wp-json\/wp\/v2\/product_cat?post=1043"},{"taxonomy":"product_tag","embeddable":true,"href":"https:\/\/www.hkbookprinting.com\/es\/wp-json\/wp\/v2\/product_tag?post=1043"}],"curies":[{"name":"wp","href":"https:\/\/api.w.org\/{rel}","templated":true}]}}